{"id":73,"date":"2023-06-06T13:52:43","date_gmt":"2023-06-06T11:52:43","guid":{"rendered":"http:\/\/jeanphilippeduquesne.com\/?page_id=73"},"modified":"2023-06-07T23:52:14","modified_gmt":"2023-06-07T21:52:14","slug":"projets","status":"publish","type":"page","link":"https:\/\/jeanphilippeduquesne.com\/index.php\/projets\/","title":{"rendered":"Projets"},"content":{"rendered":"<ul style=\"text-transform:uppercase;\" class=\"wp-block-categories-list aligncenter wp-block-categories has-large-font-size\">\t<li class=\"cat-item cat-item-13\"><a href=\"https:\/\/jeanphilippeduquesne.com\/index.php\/category\/anckorage\/\">Anckorage<\/a>\n<\/li>\n\t<li class=\"cat-item cat-item-12\"><a href=\"https:\/\/jeanphilippeduquesne.com\/index.php\/category\/empyree\/\">Empyr\u00e9e<\/a>\n<\/li>\n\t<li class=\"cat-item cat-item-11\"><a href=\"https:\/\/jeanphilippeduquesne.com\/index.php\/category\/musique-a-limage\/\">Musique \u00e0 l&#039;image<\/a>\n<\/li>\n<\/ul>","protected":false},"excerpt":{"rendered":"","protected":false},"author":1,"featured_media":0,"parent":0,"menu_order":0,"comment_status":"closed","ping_status":"closed","template":"","meta":{"footnotes":""},"class_list":["post-73","page","type-page","status-publish","hentry"],"yoast_head":"<!-- This site is optimized with the Yoast SEO plugin v27.4 - https:\/\/yoast.com\/product\/yoast-seo-wordpress\/ -->\n<title>Projets - Jean-Philippe DUQUESNE<\/title>\n<meta name=\"description\" content=\"Voici les diff\u00e9rents projets musicaux de Jean-Philippe Duquesne: Musique \u00e0 l&#039;image, Empyr\u00e9e, Anckorage.\" \/>\n<meta name=\"robots\" content=\"index, follow, max-snippet:-1, max-image-preview:large, max-video-preview:-1\" \/>\n<link rel=\"canonical\" href=\"http:\/\/jeanphilippeduquesne.com\/index.php\/projets\/\" \/>\n<meta property=\"og:locale\" content=\"en_US\" \/>\n<meta property=\"og:type\" content=\"article\" \/>\n<meta property=\"og:title\" content=\"Projets - Jean-Philippe DUQUESNE\" \/>\n<meta property=\"og:description\" content=\"Voici les diff\u00e9rents projets musicaux de Jean-Philippe Duquesne: Musique \u00e0 l&#039;image, Empyr\u00e9e, Anckorage.\" \/>\n<meta property=\"og:url\" content=\"http:\/\/jeanphilippeduquesne.com\/index.php\/projets\/\" \/>\n<meta property=\"og:site_name\" content=\"Jean-Philippe DUQUESNE\" \/>\n<meta property=\"article:publisher\" content=\"https:\/\/www.facebook.com\/profile.php?id=100090244482792\" \/>\n<meta property=\"article:modified_time\" content=\"2023-06-07T21:52:14+00:00\" \/>\n<meta property=\"og:image\" content=\"https:\/\/jeanphilippeduquesne.com\/wp-content\/uploads\/2023\/06\/jpdknsite.png\" \/>\n\t<meta property=\"og:image:width\" content=\"940\" \/>\n\t<meta property=\"og:image:height\" content=\"594\" \/>\n\t<meta property=\"og:image:type\" content=\"image\/png\" \/>\n<meta name=\"twitter:card\" content=\"summary_large_image\" \/>\n<script type=\"application\/ld+json\" class=\"yoast-schema-graph\">{\"@context\":\"https:\\\/\\\/schema.org\",\"@graph\":[{\"@type\":\"WebPage\",\"@id\":\"http:\\\/\\\/jeanphilippeduquesne.com\\\/index.php\\\/projets\\\/\",\"url\":\"http:\\\/\\\/jeanphilippeduquesne.com\\\/index.php\\\/projets\\\/\",\"name\":\"Projets - Jean-Philippe DUQUESNE\",\"isPartOf\":{\"@id\":\"http:\\\/\\\/jeanphilippeduquesne.com\\\/#website\"},\"datePublished\":\"2023-06-06T11:52:43+00:00\",\"dateModified\":\"2023-06-07T21:52:14+00:00\",\"description\":\"Voici les diff\u00e9rents projets musicaux de Jean-Philippe Duquesne: Musique \u00e0 l'image, Empyr\u00e9e, Anckorage.\",\"breadcrumb\":{\"@id\":\"http:\\\/\\\/jeanphilippeduquesne.com\\\/index.php\\\/projets\\\/#breadcrumb\"},\"inLanguage\":\"en-US\",\"potentialAction\":[{\"@type\":\"ReadAction\",\"target\":[\"http:\\\/\\\/jeanphilippeduquesne.com\\\/index.php\\\/projets\\\/\"]}]},{\"@type\":\"BreadcrumbList\",\"@id\":\"http:\\\/\\\/jeanphilippeduquesne.com\\\/index.php\\\/projets\\\/#breadcrumb\",\"itemListElement\":[{\"@type\":\"ListItem\",\"position\":1,\"name\":\"Accueil\",\"item\":\"http:\\\/\\\/jeanphilippeduquesne.com\\\/\"},{\"@type\":\"ListItem\",\"position\":2,\"name\":\"Projets\"}]},{\"@type\":\"WebSite\",\"@id\":\"http:\\\/\\\/jeanphilippeduquesne.com\\\/#website\",\"url\":\"http:\\\/\\\/jeanphilippeduquesne.com\\\/\",\"name\":\"Jean-Philippe DUQUESNE\",\"description\":\"Musicien, compositeur\",\"publisher\":{\"@id\":\"http:\\\/\\\/jeanphilippeduquesne.com\\\/#organization\"},\"potentialAction\":[{\"@type\":\"SearchAction\",\"target\":{\"@type\":\"EntryPoint\",\"urlTemplate\":\"http:\\\/\\\/jeanphilippeduquesne.com\\\/?s={search_term_string}\"},\"query-input\":{\"@type\":\"PropertyValueSpecification\",\"valueRequired\":true,\"valueName\":\"search_term_string\"}}],\"inLanguage\":\"en-US\"},{\"@type\":\"Organization\",\"@id\":\"http:\\\/\\\/jeanphilippeduquesne.com\\\/#organization\",\"name\":\"JPDKN\",\"url\":\"http:\\\/\\\/jeanphilippeduquesne.com\\\/\",\"logo\":{\"@type\":\"ImageObject\",\"inLanguage\":\"en-US\",\"@id\":\"http:\\\/\\\/jeanphilippeduquesne.com\\\/#\\\/schema\\\/logo\\\/image\\\/\",\"url\":\"https:\\\/\\\/jeanphilippeduquesne.com\\\/wp-content\\\/uploads\\\/2023\\\/06\\\/cropped-Free_Sample_By_Wix.jpg\",\"contentUrl\":\"https:\\\/\\\/jeanphilippeduquesne.com\\\/wp-content\\\/uploads\\\/2023\\\/06\\\/cropped-Free_Sample_By_Wix.jpg\",\"width\":200,\"height\":200,\"caption\":\"JPDKN\"},\"image\":{\"@id\":\"http:\\\/\\\/jeanphilippeduquesne.com\\\/#\\\/schema\\\/logo\\\/image\\\/\"},\"sameAs\":[\"https:\\\/\\\/www.facebook.com\\\/profile.php?id=100090244482792\"]}]}<\/script>\n<!-- \/ Yoast SEO plugin. -->","yoast_head_json":{"title":"Projets - Jean-Philippe DUQUESNE","description":"Voici les diff\u00e9rents projets musicaux de Jean-Philippe Duquesne: Musique \u00e0 l'image, Empyr\u00e9e, Anckorage.","robots":{"index":"index","follow":"follow","max-snippet":"max-snippet:-1","max-image-preview":"max-image-preview:large","max-video-preview":"max-video-preview:-1"},"canonical":"http:\/\/jeanphilippeduquesne.com\/index.php\/projets\/","og_locale":"en_US","og_type":"article","og_title":"Projets - Jean-Philippe DUQUESNE","og_description":"Voici les diff\u00e9rents projets musicaux de Jean-Philippe Duquesne: Musique \u00e0 l'image, Empyr\u00e9e, Anckorage.","og_url":"http:\/\/jeanphilippeduquesne.com\/index.php\/projets\/","og_site_name":"Jean-Philippe DUQUESNE","article_publisher":"https:\/\/www.facebook.com\/profile.php?id=100090244482792","article_modified_time":"2023-06-07T21:52:14+00:00","og_image":[{"width":940,"height":594,"url":"https:\/\/jeanphilippeduquesne.com\/wp-content\/uploads\/2023\/06\/jpdknsite.png","type":"image\/png"}],"twitter_card":"summary_large_image","schema":{"@context":"https:\/\/schema.org","@graph":[{"@type":"WebPage","@id":"http:\/\/jeanphilippeduquesne.com\/index.php\/projets\/","url":"http:\/\/jeanphilippeduquesne.com\/index.php\/projets\/","name":"Projets - Jean-Philippe DUQUESNE","isPartOf":{"@id":"http:\/\/jeanphilippeduquesne.com\/#website"},"datePublished":"2023-06-06T11:52:43+00:00","dateModified":"2023-06-07T21:52:14+00:00","description":"Voici les diff\u00e9rents projets musicaux de Jean-Philippe Duquesne: Musique \u00e0 l'image, Empyr\u00e9e, Anckorage.","breadcrumb":{"@id":"http:\/\/jeanphilippeduquesne.com\/index.php\/projets\/#breadcrumb"},"inLanguage":"en-US","potentialAction":[{"@type":"ReadAction","target":["http:\/\/jeanphilippeduquesne.com\/index.php\/projets\/"]}]},{"@type":"BreadcrumbList","@id":"http:\/\/jeanphilippeduquesne.com\/index.php\/projets\/#breadcrumb","itemListElement":[{"@type":"ListItem","position":1,"name":"Accueil","item":"http:\/\/jeanphilippeduquesne.com\/"},{"@type":"ListItem","position":2,"name":"Projets"}]},{"@type":"WebSite","@id":"http:\/\/jeanphilippeduquesne.com\/#website","url":"http:\/\/jeanphilippeduquesne.com\/","name":"Jean-Philippe DUQUESNE","description":"Musicien, compositeur","publisher":{"@id":"http:\/\/jeanphilippeduquesne.com\/#organization"},"potentialAction":[{"@type":"SearchAction","target":{"@type":"EntryPoint","urlTemplate":"http:\/\/jeanphilippeduquesne.com\/?s={search_term_string}"},"query-input":{"@type":"PropertyValueSpecification","valueRequired":true,"valueName":"search_term_string"}}],"inLanguage":"en-US"},{"@type":"Organization","@id":"http:\/\/jeanphilippeduquesne.com\/#organization","name":"JPDKN","url":"http:\/\/jeanphilippeduquesne.com\/","logo":{"@type":"ImageObject","inLanguage":"en-US","@id":"http:\/\/jeanphilippeduquesne.com\/#\/schema\/logo\/image\/","url":"https:\/\/jeanphilippeduquesne.com\/wp-content\/uploads\/2023\/06\/cropped-Free_Sample_By_Wix.jpg","contentUrl":"https:\/\/jeanphilippeduquesne.com\/wp-content\/uploads\/2023\/06\/cropped-Free_Sample_By_Wix.jpg","width":200,"height":200,"caption":"JPDKN"},"image":{"@id":"http:\/\/jeanphilippeduquesne.com\/#\/schema\/logo\/image\/"},"sameAs":["https:\/\/www.facebook.com\/profile.php?id=100090244482792"]}]}},"_links":{"self":[{"href":"https:\/\/jeanphilippeduquesne.com\/index.php\/wp-json\/wp\/v2\/pages\/73","targetHints":{"allow":["GET"]}}],"collection":[{"href":"https:\/\/jeanphilippeduquesne.com\/index.php\/wp-json\/wp\/v2\/pages"}],"about":[{"href":"https:\/\/jeanphilippeduquesne.com\/index.php\/wp-json\/wp\/v2\/types\/page"}],"author":[{"embeddable":true,"href":"https:\/\/jeanphilippeduquesne.com\/index.php\/wp-json\/wp\/v2\/users\/1"}],"replies":[{"embeddable":true,"href":"https:\/\/jeanphilippeduquesne.com\/index.php\/wp-json\/wp\/v2\/comments?post=73"}],"version-history":[{"count":8,"href":"https:\/\/jeanphilippeduquesne.com\/index.php\/wp-json\/wp\/v2\/pages\/73\/revisions"}],"predecessor-version":[{"id":152,"href":"https:\/\/jeanphilippeduquesne.com\/index.php\/wp-json\/wp\/v2\/pages\/73\/revisions\/152"}],"wp:attachment":[{"href":"https:\/\/jeanphilippeduquesne.com\/index.php\/wp-json\/wp\/v2\/media?parent=73"}],"curies":[{"name":"wp","href":"https:\/\/api.w.org\/{rel}","templated":true}]}}