{"id":58,"date":"2023-06-06T13:05:06","date_gmt":"2023-06-06T11:05:06","guid":{"rendered":"http:\/\/jeanphilippeduquesne.com\/?page_id=58"},"modified":"2023-06-07T21:53:24","modified_gmt":"2023-06-07T19:53:24","slug":"accueil","status":"publish","type":"page","link":"https:\/\/jeanphilippeduquesne.com\/","title":{"rendered":"Accueil"},"content":{"rendered":"","protected":false},"excerpt":{"rendered":"","protected":false},"author":1,"featured_media":0,"parent":0,"menu_order":0,"comment_status":"closed","ping_status":"closed","template":"","meta":{"footnotes":""},"class_list":["post-58","page","type-page","status-publish","hentry"],"yoast_head":"<!-- This site is optimized with the Yoast SEO plugin v27.4 - https:\/\/yoast.com\/product\/yoast-seo-wordpress\/ -->\n<title>Accueil - Jean-Philippe DUQUESNE<\/title>\n<meta name=\"description\" content=\"Musicien form\u00e9 au piano classique puis au rock, Jean-Philippe DUQUESNE a toujours \u00e9t\u00e9 passionn\u00e9 des liens entre l\u2019image et la musique.\" \/>\n<meta name=\"robots\" content=\"index, follow, max-snippet:-1, max-image-preview:large, max-video-preview:-1\" \/>\n<link rel=\"canonical\" href=\"http:\/\/jeanphilippeduquesne.com\/\" \/>\n<meta property=\"og:locale\" content=\"en_US\" \/>\n<meta property=\"og:type\" content=\"article\" \/>\n<meta property=\"og:title\" content=\"JPDKN\" \/>\n<meta property=\"og:description\" content=\"Musicien form\u00e9 au piano classique puis au rock dans de nombreuses formations, Jean-Philippe DUQUESNE a toujours \u00e9t\u00e9 passionn\u00e9 des liens entre l\u2019image et la musique. C\u2019est donc tr\u00e8s naturellement qu\u2019il s\u2019est orient\u00e9 vers la musique \u00e0 l\u2019image.\" \/>\n<meta property=\"og:url\" content=\"http:\/\/jeanphilippeduquesne.com\/\" \/>\n<meta property=\"og:site_name\" content=\"Jean-Philippe DUQUESNE\" \/>\n<meta property=\"article:publisher\" content=\"https:\/\/www.facebook.com\/profile.php?id=100090244482792\" \/>\n<meta property=\"article:modified_time\" content=\"2023-06-07T19:53:24+00:00\" \/>\n<meta property=\"og:image\" content=\"http:\/\/jeanphilippeduquesne.com\/wp-content\/uploads\/2023\/06\/jpdknsite.png\" \/>\n\t<meta property=\"og:image:width\" content=\"940\" \/>\n\t<meta property=\"og:image:height\" content=\"594\" \/>\n\t<meta property=\"og:image:type\" content=\"image\/png\" \/>\n<meta name=\"twitter:card\" content=\"summary_large_image\" \/>\n<script type=\"application\/ld+json\" class=\"yoast-schema-graph\">{\"@context\":\"https:\\\/\\\/schema.org\",\"@graph\":[{\"@type\":\"WebPage\",\"@id\":\"http:\\\/\\\/jeanphilippeduquesne.com\\\/\",\"url\":\"http:\\\/\\\/jeanphilippeduquesne.com\\\/\",\"name\":\"Accueil - Jean-Philippe DUQUESNE\",\"isPartOf\":{\"@id\":\"http:\\\/\\\/jeanphilippeduquesne.com\\\/#website\"},\"datePublished\":\"2023-06-06T11:05:06+00:00\",\"dateModified\":\"2023-06-07T19:53:24+00:00\",\"description\":\"Musicien form\u00e9 au piano classique puis au rock, Jean-Philippe DUQUESNE a toujours \u00e9t\u00e9 passionn\u00e9 des liens entre l\u2019image et la musique.\",\"breadcrumb\":{\"@id\":\"http:\\\/\\\/jeanphilippeduquesne.com\\\/#breadcrumb\"},\"inLanguage\":\"en-US\",\"potentialAction\":[{\"@type\":\"ReadAction\",\"target\":[\"http:\\\/\\\/jeanphilippeduquesne.com\\\/\"]}]},{\"@type\":\"BreadcrumbList\",\"@id\":\"http:\\\/\\\/jeanphilippeduquesne.com\\\/#breadcrumb\",\"itemListElement\":[{\"@type\":\"ListItem\",\"position\":1,\"name\":\"Accueil\",\"item\":\"http:\\\/\\\/jeanphilippeduquesne.com\\\/\"},{\"@type\":\"ListItem\",\"position\":2,\"name\":\"Accueil\"}]},{\"@type\":\"WebSite\",\"@id\":\"http:\\\/\\\/jeanphilippeduquesne.com\\\/#website\",\"url\":\"http:\\\/\\\/jeanphilippeduquesne.com\\\/\",\"name\":\"Jean-Philippe DUQUESNE\",\"description\":\"Musicien, compositeur\",\"publisher\":{\"@id\":\"http:\\\/\\\/jeanphilippeduquesne.com\\\/#organization\"},\"potentialAction\":[{\"@type\":\"SearchAction\",\"target\":{\"@type\":\"EntryPoint\",\"urlTemplate\":\"http:\\\/\\\/jeanphilippeduquesne.com\\\/?s={search_term_string}\"},\"query-input\":{\"@type\":\"PropertyValueSpecification\",\"valueRequired\":true,\"valueName\":\"search_term_string\"}}],\"inLanguage\":\"en-US\"},{\"@type\":\"Organization\",\"@id\":\"http:\\\/\\\/jeanphilippeduquesne.com\\\/#organization\",\"name\":\"JPDKN\",\"url\":\"http:\\\/\\\/jeanphilippeduquesne.com\\\/\",\"logo\":{\"@type\":\"ImageObject\",\"inLanguage\":\"en-US\",\"@id\":\"http:\\\/\\\/jeanphilippeduquesne.com\\\/#\\\/schema\\\/logo\\\/image\\\/\",\"url\":\"https:\\\/\\\/jeanphilippeduquesne.com\\\/wp-content\\\/uploads\\\/2023\\\/06\\\/cropped-Free_Sample_By_Wix.jpg\",\"contentUrl\":\"https:\\\/\\\/jeanphilippeduquesne.com\\\/wp-content\\\/uploads\\\/2023\\\/06\\\/cropped-Free_Sample_By_Wix.jpg\",\"width\":200,\"height\":200,\"caption\":\"JPDKN\"},\"image\":{\"@id\":\"http:\\\/\\\/jeanphilippeduquesne.com\\\/#\\\/schema\\\/logo\\\/image\\\/\"},\"sameAs\":[\"https:\\\/\\\/www.facebook.com\\\/profile.php?id=100090244482792\"]}]}<\/script>\n<!-- \/ Yoast SEO plugin. -->","yoast_head_json":{"title":"Accueil - Jean-Philippe DUQUESNE","description":"Musicien form\u00e9 au piano classique puis au rock, Jean-Philippe DUQUESNE a toujours \u00e9t\u00e9 passionn\u00e9 des liens entre l\u2019image et la musique.","robots":{"index":"index","follow":"follow","max-snippet":"max-snippet:-1","max-image-preview":"max-image-preview:large","max-video-preview":"max-video-preview:-1"},"canonical":"http:\/\/jeanphilippeduquesne.com\/","og_locale":"en_US","og_type":"article","og_title":"JPDKN","og_description":"Musicien form\u00e9 au piano classique puis au rock dans de nombreuses formations, Jean-Philippe DUQUESNE a toujours \u00e9t\u00e9 passionn\u00e9 des liens entre l\u2019image et la musique. C\u2019est donc tr\u00e8s naturellement qu\u2019il s\u2019est orient\u00e9 vers la musique \u00e0 l\u2019image.","og_url":"http:\/\/jeanphilippeduquesne.com\/","og_site_name":"Jean-Philippe DUQUESNE","article_publisher":"https:\/\/www.facebook.com\/profile.php?id=100090244482792","article_modified_time":"2023-06-07T19:53:24+00:00","og_image":[{"width":940,"height":594,"url":"http:\/\/jeanphilippeduquesne.com\/wp-content\/uploads\/2023\/06\/jpdknsite.png","type":"image\/png"}],"twitter_card":"summary_large_image","schema":{"@context":"https:\/\/schema.org","@graph":[{"@type":"WebPage","@id":"http:\/\/jeanphilippeduquesne.com\/","url":"http:\/\/jeanphilippeduquesne.com\/","name":"Accueil - Jean-Philippe DUQUESNE","isPartOf":{"@id":"http:\/\/jeanphilippeduquesne.com\/#website"},"datePublished":"2023-06-06T11:05:06+00:00","dateModified":"2023-06-07T19:53:24+00:00","description":"Musicien form\u00e9 au piano classique puis au rock, Jean-Philippe DUQUESNE a toujours \u00e9t\u00e9 passionn\u00e9 des liens entre l\u2019image et la musique.","breadcrumb":{"@id":"http:\/\/jeanphilippeduquesne.com\/#breadcrumb"},"inLanguage":"en-US","potentialAction":[{"@type":"ReadAction","target":["http:\/\/jeanphilippeduquesne.com\/"]}]},{"@type":"BreadcrumbList","@id":"http:\/\/jeanphilippeduquesne.com\/#breadcrumb","itemListElement":[{"@type":"ListItem","position":1,"name":"Accueil","item":"http:\/\/jeanphilippeduquesne.com\/"},{"@type":"ListItem","position":2,"name":"Accueil"}]},{"@type":"WebSite","@id":"http:\/\/jeanphilippeduquesne.com\/#website","url":"http:\/\/jeanphilippeduquesne.com\/","name":"Jean-Philippe DUQUESNE","description":"Musicien, compositeur","publisher":{"@id":"http:\/\/jeanphilippeduquesne.com\/#organization"},"potentialAction":[{"@type":"SearchAction","target":{"@type":"EntryPoint","urlTemplate":"http:\/\/jeanphilippeduquesne.com\/?s={search_term_string}"},"query-input":{"@type":"PropertyValueSpecification","valueRequired":true,"valueName":"search_term_string"}}],"inLanguage":"en-US"},{"@type":"Organization","@id":"http:\/\/jeanphilippeduquesne.com\/#organization","name":"JPDKN","url":"http:\/\/jeanphilippeduquesne.com\/","logo":{"@type":"ImageObject","inLanguage":"en-US","@id":"http:\/\/jeanphilippeduquesne.com\/#\/schema\/logo\/image\/","url":"https:\/\/jeanphilippeduquesne.com\/wp-content\/uploads\/2023\/06\/cropped-Free_Sample_By_Wix.jpg","contentUrl":"https:\/\/jeanphilippeduquesne.com\/wp-content\/uploads\/2023\/06\/cropped-Free_Sample_By_Wix.jpg","width":200,"height":200,"caption":"JPDKN"},"image":{"@id":"http:\/\/jeanphilippeduquesne.com\/#\/schema\/logo\/image\/"},"sameAs":["https:\/\/www.facebook.com\/profile.php?id=100090244482792"]}]}},"_links":{"self":[{"href":"https:\/\/jeanphilippeduquesne.com\/index.php\/wp-json\/wp\/v2\/pages\/58","targetHints":{"allow":["GET"]}}],"collection":[{"href":"https:\/\/jeanphilippeduquesne.com\/index.php\/wp-json\/wp\/v2\/pages"}],"about":[{"href":"https:\/\/jeanphilippeduquesne.com\/index.php\/wp-json\/wp\/v2\/types\/page"}],"author":[{"embeddable":true,"href":"https:\/\/jeanphilippeduquesne.com\/index.php\/wp-json\/wp\/v2\/users\/1"}],"replies":[{"embeddable":true,"href":"https:\/\/jeanphilippeduquesne.com\/index.php\/wp-json\/wp\/v2\/comments?post=58"}],"version-history":[{"count":1,"href":"https:\/\/jeanphilippeduquesne.com\/index.php\/wp-json\/wp\/v2\/pages\/58\/revisions"}],"predecessor-version":[{"id":83,"href":"https:\/\/jeanphilippeduquesne.com\/index.php\/wp-json\/wp\/v2\/pages\/58\/revisions\/83"}],"wp:attachment":[{"href":"https:\/\/jeanphilippeduquesne.com\/index.php\/wp-json\/wp\/v2\/media?parent=58"}],"curies":[{"name":"wp","href":"https:\/\/api.w.org\/{rel}","templated":true}]}}